{"id":36,"date":"2015-08-09T07:12:01","date_gmt":"2015-08-09T07:12:01","guid":{"rendered":"http:\/\/businessdummy.wpengine.com\/?page_id=36"},"modified":"2021-10-09T21:58:32","modified_gmt":"2021-10-10T02:58:32","slug":"graphic-design","status":"publish","type":"page","link":"https:\/\/lumisetstudio.com\/fr\/graphic-design\/","title":{"rendered":"Conception Graphique"},"content":{"rendered":"<section class=\"wpb-content-wrapper\"><div   class=\"vc_row wpb_row vc_row-fluid vc_custom_1631941799212 full-width-section  rd_has_overlay\">\n\t<div  class=\"vc_span12 wpb_column vc_column_container\"><div class=\"vc_column-inner vc_custom_1633194618403\">\n\t\t<div class=\"wpb_wrapper\">\n\t\t\t<div class=\"vc_row wpb_row vc_inner vc_row-fluid vc_custom_1437979582965\"><div  class=\"wpb_column vc_column_container vc_span4\"><div class=\"vc_column-inner rda_fadeInUp vc_custom_1631939914907\" ><div class=\"wpb_wrapper\"><style type=\"text\/css\" >#rand_mdea24d21688gpovvkdn {margin-top:0px; margin-bottom:0px; }<\/style><style type='text\/css'> @font-face{font-family: 'draw'; src:url('https:\/\/lumisetstudio.com\/wp-content\/themes\/thefox\/includes\/4k-icons\/icons\/4k-icons-pack02\/icons\/fonts\/draw.eot'); src:url('https:\/\/lumisetstudio.com\/wp-content\/themes\/thefox\/includes\/4k-icons\/icons\/4k-icons-pack02\/icons\/fonts\/draw.eot?#iefix') format('embedded-opentype'), url('https:\/\/lumisetstudio.com\/wp-content\/themes\/thefox\/includes\/4k-icons\/icons\/4k-icons-pack02\/icons\/fonts\/draw.woff') format('woff'), url('https:\/\/lumisetstudio.com\/wp-content\/themes\/thefox\/includes\/4k-icons\/icons\/4k-icons-pack02\/icons\/fonts\/draw.ttf') format('truetype'), url('https:\/\/lumisetstudio.com\/wp-content\/themes\/thefox\/includes\/4k-icons\/icons\/4k-icons-pack02\/icons\/fonts\/draw.svg#oi') format('svg'); font-weight: normal; font-style: normal;}#rand_mdea24d21688gpovvkdn .draw-star105:before{font-family: 'draw'; font-weight: normal; font-style: normal;}#rand_mdea24d21688gpovvkdn .draw-star105:before{content: \"\\e942\";}<\/style>\n<style type=\"text\/css\" >#rand_mdea24d21688gpovvkdn:hover i{color:#7375ce!important;}#rand_mdea24d21688gpovvkdn:hover h3{color:#ffffff!important;}#rand_mdea24d21688gpovvkdn:hover p{color:!important;}#rand_mdea24d21688gpovvkdn:hover .icon_box_button{color:#2d3e50!important;}<\/style><div id=\"rand_mdea24d21688gpovvkdn\" class=\"icon_box_si\"><i class=\"draw-star105\" style=\"color:#3ecbe8;\"><\/i><h3 style=\"color:#ffffff;\">Identit\u00e9 visuelle<\/h3><p style=\"color:#e5e5e5\">With Visual Identity you will create an emotional bond with viewers. You can easier inform them about the nature of the brand and services\/products that you are offering.<\/p><\/div><\/div><\/div><\/div><div  class=\"wpb_column vc_column_container vc_span4\"><div class=\"vc_column-inner rda_fadeInUp vc_custom_1631939875925\" ><div class=\"wpb_wrapper\"><style type=\"text\/css\" >#rand_w5dzomg14t0gzb3v80s4 {margin-top:0px; margin-bottom:0px; }<\/style><style type='text\/css'> @font-face{font-family: 'draw'; src:url('https:\/\/lumisetstudio.com\/wp-content\/themes\/thefox\/includes\/4k-icons\/icons\/4k-icons-pack02\/icons\/fonts\/draw.eot'); src:url('https:\/\/lumisetstudio.com\/wp-content\/themes\/thefox\/includes\/4k-icons\/icons\/4k-icons-pack02\/icons\/fonts\/draw.eot?#iefix') format('embedded-opentype'), url('https:\/\/lumisetstudio.com\/wp-content\/themes\/thefox\/includes\/4k-icons\/icons\/4k-icons-pack02\/icons\/fonts\/draw.woff') format('woff'), url('https:\/\/lumisetstudio.com\/wp-content\/themes\/thefox\/includes\/4k-icons\/icons\/4k-icons-pack02\/icons\/fonts\/draw.ttf') format('truetype'), url('https:\/\/lumisetstudio.com\/wp-content\/themes\/thefox\/includes\/4k-icons\/icons\/4k-icons-pack02\/icons\/fonts\/draw.svg#oi') format('svg'); font-weight: normal; font-style: normal;}#rand_w5dzomg14t0gzb3v80s4 .draw-paint52:before{font-family: 'draw'; font-weight: normal; font-style: normal;}#rand_w5dzomg14t0gzb3v80s4 .draw-paint52:before{content: \"\\e8f0\";}<\/style>\n<div id=\"rand_w5dzomg14t0gzb3v80s4\" class=\"icon_box_si\"><i class=\"draw-paint52\" style=\"color:#3ecbe8;\"><\/i><h3 style=\"color:#ffffff;\">Logo Design<\/h3><p style=\"color:#e5e5e5\">Un logo bien construit cr\u00e9era la confiance et incitera les gens \u00e0 rester ensemble. Il indique aux clients potentiels qui vous \u00eates, ce que vous faites et comment cela leur profite.<\/p><\/div><\/div><\/div><\/div><div  class=\"wpb_column vc_column_container vc_span4\"><div class=\"vc_column-inner rda_fadeInUp vc_custom_1631939946279\" ><div class=\"wpb_wrapper\"><style type=\"text\/css\" >#rand_4tg8lafik6yof634ybb1 {margin-top:0px; margin-bottom:0px; }<\/style><style type='text\/css'> @font-face{font-family: 'draw'; src:url('https:\/\/lumisetstudio.com\/wp-content\/themes\/thefox\/includes\/4k-icons\/icons\/4k-icons-pack02\/icons\/fonts\/draw.eot'); src:url('https:\/\/lumisetstudio.com\/wp-content\/themes\/thefox\/includes\/4k-icons\/icons\/4k-icons-pack02\/icons\/fonts\/draw.eot?#iefix') format('embedded-opentype'), url('https:\/\/lumisetstudio.com\/wp-content\/themes\/thefox\/includes\/4k-icons\/icons\/4k-icons-pack02\/icons\/fonts\/draw.woff') format('woff'), url('https:\/\/lumisetstudio.com\/wp-content\/themes\/thefox\/includes\/4k-icons\/icons\/4k-icons-pack02\/icons\/fonts\/draw.ttf') format('truetype'), url('https:\/\/lumisetstudio.com\/wp-content\/themes\/thefox\/includes\/4k-icons\/icons\/4k-icons-pack02\/icons\/fonts\/draw.svg#oi') format('svg'); font-weight: normal; font-style: normal;}#rand_4tg8lafik6yof634ybb1 .draw-id5:before{font-family: 'draw'; font-weight: normal; font-style: normal;}#rand_4tg8lafik6yof634ybb1 .draw-id5:before{content: \"\\e8a2\";}<\/style>\n<div id=\"rand_4tg8lafik6yof634ybb1\" class=\"icon_box_si\"><i class=\"draw-id5\" style=\"color:#3ecbe8;\"><\/i><h3 style=\"color:#ffffff;\">Print &amp; Digital Design<\/h3><p style=\"color:#e5e5e5\">Gr\u00e2ce \u00e0 notre conception cr\u00e9ative, vous pouvez disposer d'un mat\u00e9riel marketing efficace qui ajoutera \u00e0 la cr\u00e9dibilit\u00e9 de votre entreprise et vous aidera \u00e0 renforcer la reconnaissance de votre marque.<\/p><\/div><\/div><\/div><\/div><\/div><div class=\"vc_row wpb_row vc_inner vc_row-fluid vc_custom_1631940147678\"><div  class=\"wpb_column vc_column_container vc_span4\"><div class=\"vc_column-inner rda_fadeInUp vc_custom_1632935848792\" ><div class=\"wpb_wrapper\"><style type=\"text\/css\" >#rand_5be4sge5jb4inpgzw12j {margin-top:0px; margin-bottom:0px; }<\/style><style type='text\/css'> @font-face{font-family: 'draw'; src:url('https:\/\/lumisetstudio.com\/wp-content\/themes\/thefox\/includes\/4k-icons\/icons\/4k-icons-pack02\/icons\/fonts\/draw.eot'); src:url('https:\/\/lumisetstudio.com\/wp-content\/themes\/thefox\/includes\/4k-icons\/icons\/4k-icons-pack02\/icons\/fonts\/draw.eot?#iefix') format('embedded-opentype'), url('https:\/\/lumisetstudio.com\/wp-content\/themes\/thefox\/includes\/4k-icons\/icons\/4k-icons-pack02\/icons\/fonts\/draw.woff') format('woff'), url('https:\/\/lumisetstudio.com\/wp-content\/themes\/thefox\/includes\/4k-icons\/icons\/4k-icons-pack02\/icons\/fonts\/draw.ttf') format('truetype'), url('https:\/\/lumisetstudio.com\/wp-content\/themes\/thefox\/includes\/4k-icons\/icons\/4k-icons-pack02\/icons\/fonts\/draw.svg#oi') format('svg'); font-weight: normal; font-style: normal;}#rand_5be4sge5jb4inpgzw12j .draw-screen21:before{font-family: 'draw'; font-weight: normal; font-style: normal;}#rand_5be4sge5jb4inpgzw12j .draw-screen21:before{content: \"\\e92c\";}<\/style>\n<div id=\"rand_5be4sge5jb4inpgzw12j\" class=\"icon_box_si\"><i class=\"draw-screen21\" style=\"color:#3ecbe8;\"><\/i><h3 style=\"color:#ffffff;\">Interface utilisateur Web \/ UX<\/h3><p style=\"color:#e5e5e5\">La conception UI \/ UX aide les utilisateurs\/clients \u00e0 augmenter leur niveau de satisfaction, ce qui conduira finalement \u00e0 une augmentation du nombre de visiteurs\/clients pour votre entreprise.<\/p><\/div><\/div><\/div><\/div><div  class=\"wpb_column vc_column_container vc_span4\"><div class=\"vc_column-inner rda_fadeInUp vc_custom_1631939884071\" ><div class=\"wpb_wrapper\"><style type=\"text\/css\" >#rand_ax93j0mxfdknpxz0mwhr {margin-top:0px; margin-bottom:0px; }<\/style><style type='text\/css'> @font-face{font-family: 'draw'; src:url('https:\/\/lumisetstudio.com\/wp-content\/themes\/thefox\/includes\/4k-icons\/icons\/4k-icons-pack02\/icons\/fonts\/draw.eot'); src:url('https:\/\/lumisetstudio.com\/wp-content\/themes\/thefox\/includes\/4k-icons\/icons\/4k-icons-pack02\/icons\/fonts\/draw.eot?#iefix') format('embedded-opentype'), url('https:\/\/lumisetstudio.com\/wp-content\/themes\/thefox\/includes\/4k-icons\/icons\/4k-icons-pack02\/icons\/fonts\/draw.woff') format('woff'), url('https:\/\/lumisetstudio.com\/wp-content\/themes\/thefox\/includes\/4k-icons\/icons\/4k-icons-pack02\/icons\/fonts\/draw.ttf') format('truetype'), url('https:\/\/lumisetstudio.com\/wp-content\/themes\/thefox\/includes\/4k-icons\/icons\/4k-icons-pack02\/icons\/fonts\/draw.svg#oi') format('svg'); font-weight: normal; font-style: normal;}#rand_ax93j0mxfdknpxz0mwhr .draw-phone82:before{font-family: 'draw'; font-weight: normal; font-style: normal;}#rand_ax93j0mxfdknpxz0mwhr .draw-phone82:before{content: \"\\e8fd\";}<\/style>\n<div id=\"rand_ax93j0mxfdknpxz0mwhr\" class=\"icon_box_si\"><i class=\"draw-phone82\" style=\"color:#3ecbe8;\"><\/i><h3 style=\"color:#ffffff;\">Interface utilisateur\/UX de l'application mobile<\/h3><p style=\"color:#e5e5e5\">Pour que nous puissions rendre votre entreprise plus prosp\u00e8re, nous veillerons toujours \u00e0 ce que l'interface utilisateur et l'exp\u00e9rience utilisateur soient incroyablement bien con\u00e7ues. Simplement en comprenant vos pr\u00e9f\u00e9rences, nous rendrons votre projet super interactif et plus engageant.<\/p><\/div><\/div><\/div><\/div><div  class=\"wpb_column vc_column_container vc_span4\"><div class=\"vc_column-inner rda_fadeInUp vc_custom_1631939955187\" ><div class=\"wpb_wrapper\"><style type=\"text\/css\" >#rand_s8yccw9xifwbqtaxi6dh {margin-top:0px; margin-bottom:0px; }<\/style><style type='text\/css'> @font-face{font-family: 'draw'; src:url('https:\/\/lumisetstudio.com\/wp-content\/themes\/thefox\/includes\/4k-icons\/icons\/4k-icons-pack02\/icons\/fonts\/draw.eot'); src:url('https:\/\/lumisetstudio.com\/wp-content\/themes\/thefox\/includes\/4k-icons\/icons\/4k-icons-pack02\/icons\/fonts\/draw.eot?#iefix') format('embedded-opentype'), url('https:\/\/lumisetstudio.com\/wp-content\/themes\/thefox\/includes\/4k-icons\/icons\/4k-icons-pack02\/icons\/fonts\/draw.woff') format('woff'), url('https:\/\/lumisetstudio.com\/wp-content\/themes\/thefox\/includes\/4k-icons\/icons\/4k-icons-pack02\/icons\/fonts\/draw.ttf') format('truetype'), url('https:\/\/lumisetstudio.com\/wp-content\/themes\/thefox\/includes\/4k-icons\/icons\/4k-icons-pack02\/icons\/fonts\/draw.svg#oi') format('svg'); font-weight: normal; font-style: normal;}#rand_s8yccw9xifwbqtaxi6dh .draw-picture15:before{font-family: 'draw'; font-weight: normal; font-style: normal;}#rand_s8yccw9xifwbqtaxi6dh .draw-picture15:before{content: \"\\e901\";}<\/style>\n<div id=\"rand_s8yccw9xifwbqtaxi6dh\" class=\"icon_box_si\"><i class=\"draw-picture15\" style=\"color:#3ecbe8;\"><\/i><h3 style=\"color:#ffffff;\">Retouche photographique<\/h3><p style=\"color:#e5e5e5\">La photographie professionnelle est un must pour une entreprise prosp\u00e8re. Avec lui, nous aiderons vos clients potentiels \u00e0 vous identifier parmi une multitude d'autres entreprises qui vous ressemblent.<\/p><\/div><\/div><\/div><\/div><\/div>\n\t\t<\/div> <\/div>\n\t<\/div> <div class=\"rd_row_overlay\" style=\"background:rgba(26,22,45,0.53);\"><\/div><\/div><div   class=\"vc_row wpb_row vc_row-fluid vc_custom_1633224409314 full-width-section\">\n\t<div  class=\"vc_span6 wpb_column vc_column_container rda_fadeInLeft\"><div class=\"vc_column-inner\">\n\t\t<div class=\"wpb_wrapper\">\n\t\t\t\r\n\t<div  class=\"wpb_single_image wpb_content_element vc_align_left   vc_custom_1632935632375\">\r\n\t\t<div class=\"wpb_wrapper\">\r\n\t\t\t\r\n\t\t\t<div class=\"vc_single_image-wrapper   vc_box_border_grey\"><img loading=\"lazy\" decoding=\"async\" width=\"1160\" height=\"820\" src=\"https:\/\/lumisetstudio.com\/wp-content\/uploads\/2021\/09\/butterfly.png\" class=\"vc_single_image-img attachment-full\" alt=\"\" title=\"butterfly\" srcset=\"https:\/\/lumisetstudio.com\/wp-content\/uploads\/2021\/09\/butterfly.png 1160w, https:\/\/lumisetstudio.com\/wp-content\/uploads\/2021\/09\/butterfly-300x212.png 300w, https:\/\/lumisetstudio.com\/wp-content\/uploads\/2021\/09\/butterfly-1024x724.png 1024w, https:\/\/lumisetstudio.com\/wp-content\/uploads\/2021\/09\/butterfly-768x543.png 768w, https:\/\/lumisetstudio.com\/wp-content\/uploads\/2021\/09\/butterfly-18x12.png 18w\" sizes=\"auto, (max-width: 1160px) 100vw, 1160px\" \/><\/div>\r\n\t\t<\/div>\r\n\t<\/div>\r\n\n\t\t<\/div> <\/div>\n\t<\/div> \n\t<div  class=\"vc_span6 wpb_column vc_column_container rda_fadeInUp\"><div class=\"vc_column-inner vc_custom_1633194595932\">\n\t\t<div class=\"wpb_wrapper\">\n\t\t\t<h2 style=\"font-size: 36px;color: #ffffff;line-height: 40px;text-align: left;font-family:Open Sans;font-weight:300;font-style:normal\" class=\"vc_custom_heading vc_custom_1633194672683 translation-block\" >Comprendre l'importance de la conception graphique<\/h2><style type=\"text\/css\" >#l_4d960lg8d33z3y7c8qxi{width:100px;}#l_4d960lg8d33z3y7c8qxi.sc_line ,#l_4d960lg8d33z3y7c8qxi .sc_line { height:1px; background: #0ff0ff; background: -moz-linear-gradient(90deg, #0ff0ff 0%, #6358a6 100%); background: -webkit-gradient(linear, left top, right bottom, color-stop(0%,#0ff0ff), color-stop(100%,#6358a6)); background: -webkit-linear-gradient(90deg, #0ff0ff 0%,#6358a6 100%); background: -o-linear-gradient(90deg, #0ff0ff 0%,#6358a6 100%); background: -ms-linear-gradient(90deg, #0ff0ff 0%,#6358a6 100%); background: linear-gradient(90deg, #0ff0ff 0%,#6358a6 100%);}#l_4d960lg8d33z3y7c8qxi {margin:0px 0 19px 0; padding:0;}<\/style><div class=\"clearfix\"><\/div><div id=\"l_4d960lg8d33z3y7c8qxi\"  class=\"sc_line rd_line_normal\" ><\/div><h3 style=\"font-size: 18px;color: #ffffff;line-height: 36px;text-align: left;font-family:Open Sans;font-weight:300;font-style:normal\" class=\"vc_custom_heading vc_custom_1632683824627\" >Notez que la conception graphique est un outil tr\u00e8s puissant qui am\u00e9liorera la fa\u00e7on dont vous communiquerez avec vos visiteurs ou clients. Il vous aide \u00e0 fa\u00e7onner vos id\u00e9es d'une mani\u00e8re qui est non seulement belle mais aussi super efficace.<\/h3>\n\t<div class=\"wpb_text_column wpb_content_element  vc_custom_1632935771741  ct_eselekedx1ltwqlqiq1g\" >\n\t\t<div class=\"wpb_wrapper\" >\n\t\t\t<p style=\"color: #fff;\">Un bon design vous rendra beau, mais un bon design vous aidera \u00e0 faire une premi\u00e8re impression positive. La conception graphique que vous choisissez pour repr\u00e9senter votre marque vous aidera \u00e0 devenir facilement reconnaissable. Gr\u00e2ce \u00e0 notre approche unique, nous veillerons \u00e0 vous d\u00e9marquer de vos concurrents.<\/p>\n\n\t\t<\/div> <style type=\"text\/css\" >.ct_eselekedx1ltwqlqiq1g {font-size:17px;}.ct_eselekedx1ltwqlqiq1g ,.ct_eselekedx1ltwqlqiq1g p {line-height:30px;}<\/style>\n\t<\/div> \n\t\t<\/div> <\/div>\n\t<\/div> <style type='text\/css' scoped='scoped'>#row_sinya5vdjd4cyec60rxk.row_bottom_arrow{background:#3ecbe8;}<\/style>\n<div class=\"row_bottom_arrow\" id=\"row_sinya5vdjd4cyec60rxk\"><\/div><\/div><div   class=\"vc_row wpb_row vc_row-fluid vc_custom_1633223914518 full-width-section\">\n\t<div  class=\"vc_span8 wpb_column vc_column_container rda_fadeInLeft\"><div class=\"vc_column-inner vc_custom_1633224034916\">\n\t\t<div class=\"wpb_wrapper\">\n\t\t\t<h2 style=\"font-size: 30px;color: #ffffff;line-height: 36px;text-align: left;font-family:Open Sans;font-weight:300;font-style:normal\" class=\"vc_custom_heading vc_custom_1633224071001\" >Notre style correspond \u00e0 vos exigences ?<\/h2>\n\t\t<\/div> <\/div>\n\t<\/div> \n\t<div  class=\"vc_span4 wpb_column vc_column_container rda_fadeInUp\"><div class=\"vc_column-inner vc_custom_1633224308674\">\n\t\t<div class=\"wpb_wrapper\">\n\t\t\t<style type=\"text\/css\" >#b_sy35hfivjpstcxjkweon a{color:#ffffff; background:; border-style:solid; border-color:#ffffff; margin-top:0px; margin-bottom:0px;  margin-left:0px; margin-right:0px; font-weight:900; border-radius:0px;}#b_sy35hfivjpstcxjkweon a:hover{color:#3ecbe8 ; background:#ffffff ; border-color:#ffffff;}<\/style><div class=\"ta_right tf_btn_pos\" id=\"b_sy35hfivjpstcxjkweon\" ><a class=\"rd_stroke_bt mediumlarge_rd_bt border_1px\" href=\"https:\/\/lumisetstudio.com\/fr\/contact\/\" target=\"yes\"   >Commencez aujourd'hui !<\/a><\/div>\n\t\t<\/div> <\/div>\n\t<\/div> <\/div>\n<\/section>","protected":false},"excerpt":{"rendered":"<p>Visual IdentityWith Visual Identity you will create an emotional bond with viewers. You can easier inform them about the nature of the brand and services\/products that you are offering. Logo DesignA well-built logo will create trust and make people stick together. It tells potential customers who you are, what you do, and how it benefits<br \/><a href=\"https:\/\/lumisetstudio.com\/fr\/graphic-design\/\" class=\"more\">Read more<\/a><\/p>","protected":false},"author":1,"featured_media":0,"parent":0,"menu_order":5,"comment_status":"closed","ping_status":"closed","template":"","meta":{"footnotes":""},"class_list":["post-36","page","type-page","status-publish","hentry"],"yoast_head":"<!-- This site is optimized with the Yoast SEO plugin v25.2 - https:\/\/yoast.com\/wordpress\/plugins\/seo\/ -->\n<title>Graphic Design - lumisetstudio.com<\/title>\n<meta name=\"robots\" content=\"index, follow, max-snippet:-1, max-image-preview:large, max-video-preview:-1\" \/>\n<link rel=\"canonical\" href=\"https:\/\/lumisetstudio.com\/fr\/graphic-design\/\" \/>\n<meta property=\"og:locale\" content=\"fr_CA\" \/>\n<meta property=\"og:type\" content=\"article\" \/>\n<meta property=\"og:title\" content=\"Graphic Design - lumisetstudio.com\" \/>\n<meta property=\"og:description\" content=\"Visual IdentityWith Visual Identity you will create an emotional bond with viewers. You can easier inform them about the nature of the brand and services\/products that you are offering. Logo DesignA well-built logo will create trust and make people stick together. It tells potential customers who you are, what you do, and how it benefitsRead more\" \/>\n<meta property=\"og:url\" content=\"https:\/\/lumisetstudio.com\/fr\/graphic-design\/\" \/>\n<meta property=\"og:site_name\" content=\"lumisetstudio.com\" \/>\n<meta property=\"article:modified_time\" content=\"2021-10-10T02:58:32+00:00\" \/>\n<meta name=\"twitter:card\" content=\"summary_large_image\" \/>\n<meta name=\"twitter:label1\" content=\"Estimation du temps de lecture\" \/>\n\t<meta name=\"twitter:data1\" content=\"5 minutes\" \/>\n<script type=\"application\/ld+json\" class=\"yoast-schema-graph\">{\"@context\":\"https:\/\/schema.org\",\"@graph\":[{\"@type\":\"WebPage\",\"@id\":\"https:\/\/lumisetstudio.com\/graphic-design\/\",\"url\":\"https:\/\/lumisetstudio.com\/graphic-design\/\",\"name\":\"Graphic Design - lumisetstudio.com\",\"isPartOf\":{\"@id\":\"https:\/\/lumisetstudio.com\/#website\"},\"datePublished\":\"2015-08-09T07:12:01+00:00\",\"dateModified\":\"2021-10-10T02:58:32+00:00\",\"breadcrumb\":{\"@id\":\"https:\/\/lumisetstudio.com\/graphic-design\/#breadcrumb\"},\"inLanguage\":\"fr-CA\",\"potentialAction\":[{\"@type\":\"ReadAction\",\"target\":[\"https:\/\/lumisetstudio.com\/graphic-design\/\"]}]},{\"@type\":\"BreadcrumbList\",\"@id\":\"https:\/\/lumisetstudio.com\/graphic-design\/#breadcrumb\",\"itemListElement\":[{\"@type\":\"ListItem\",\"position\":1,\"name\":\"Home\",\"item\":\"https:\/\/lumisetstudio.com\/\"},{\"@type\":\"ListItem\",\"position\":2,\"name\":\"Graphic Design\"}]},{\"@type\":\"WebSite\",\"@id\":\"https:\/\/lumisetstudio.com\/#website\",\"url\":\"https:\/\/lumisetstudio.com\/\",\"name\":\"lumisetstudio.com\",\"description\":\"Web Design &amp; Graphic Solutions\",\"potentialAction\":[{\"@type\":\"SearchAction\",\"target\":{\"@type\":\"EntryPoint\",\"urlTemplate\":\"https:\/\/lumisetstudio.com\/?s={search_term_string}\"},\"query-input\":{\"@type\":\"PropertyValueSpecification\",\"valueRequired\":true,\"valueName\":\"search_term_string\"}}],\"inLanguage\":\"fr-CA\"}]}<\/script>\n<!-- \/ Yoast SEO plugin. -->","yoast_head_json":{"title":"Graphic Design - lumisetstudio.com","robots":{"index":"index","follow":"follow","max-snippet":"max-snippet:-1","max-image-preview":"max-image-preview:large","max-video-preview":"max-video-preview:-1"},"canonical":"https:\/\/lumisetstudio.com\/fr\/graphic-design\/","og_locale":"fr_CA","og_type":"article","og_title":"Graphic Design - lumisetstudio.com","og_description":"Visual IdentityWith Visual Identity you will create an emotional bond with viewers. You can easier inform them about the nature of the brand and services\/products that you are offering. Logo DesignA well-built logo will create trust and make people stick together. It tells potential customers who you are, what you do, and how it benefitsRead more","og_url":"https:\/\/lumisetstudio.com\/fr\/graphic-design\/","og_site_name":"lumisetstudio.com","article_modified_time":"2021-10-10T02:58:32+00:00","twitter_card":"summary_large_image","twitter_misc":{"Estimation du temps de lecture":"5 minutes"},"schema":{"@context":"https:\/\/schema.org","@graph":[{"@type":"WebPage","@id":"https:\/\/lumisetstudio.com\/graphic-design\/","url":"https:\/\/lumisetstudio.com\/graphic-design\/","name":"Graphic Design - lumisetstudio.com","isPartOf":{"@id":"https:\/\/lumisetstudio.com\/#website"},"datePublished":"2015-08-09T07:12:01+00:00","dateModified":"2021-10-10T02:58:32+00:00","breadcrumb":{"@id":"https:\/\/lumisetstudio.com\/graphic-design\/#breadcrumb"},"inLanguage":"fr-CA","potentialAction":[{"@type":"ReadAction","target":["https:\/\/lumisetstudio.com\/graphic-design\/"]}]},{"@type":"BreadcrumbList","@id":"https:\/\/lumisetstudio.com\/graphic-design\/#breadcrumb","itemListElement":[{"@type":"ListItem","position":1,"name":"Home","item":"https:\/\/lumisetstudio.com\/"},{"@type":"ListItem","position":2,"name":"Graphic Design"}]},{"@type":"WebSite","@id":"https:\/\/lumisetstudio.com\/#website","url":"https:\/\/lumisetstudio.com\/","name":"lumisetstudio.com","description":"Web Design &amp; Graphic Solutions","potentialAction":[{"@type":"SearchAction","target":{"@type":"EntryPoint","urlTemplate":"https:\/\/lumisetstudio.com\/?s={search_term_string}"},"query-input":{"@type":"PropertyValueSpecification","valueRequired":true,"valueName":"search_term_string"}}],"inLanguage":"fr-CA"}]}},"_links":{"self":[{"href":"https:\/\/lumisetstudio.com\/fr\/wp-json\/wp\/v2\/pages\/36","targetHints":{"allow":["GET"]}}],"collection":[{"href":"https:\/\/lumisetstudio.com\/fr\/wp-json\/wp\/v2\/pages"}],"about":[{"href":"https:\/\/lumisetstudio.com\/fr\/wp-json\/wp\/v2\/types\/page"}],"author":[{"embeddable":true,"href":"https:\/\/lumisetstudio.com\/fr\/wp-json\/wp\/v2\/users\/1"}],"replies":[{"embeddable":true,"href":"https:\/\/lumisetstudio.com\/fr\/wp-json\/wp\/v2\/comments?post=36"}],"version-history":[{"count":28,"href":"https:\/\/lumisetstudio.com\/fr\/wp-json\/wp\/v2\/pages\/36\/revisions"}],"predecessor-version":[{"id":452,"href":"https:\/\/lumisetstudio.com\/fr\/wp-json\/wp\/v2\/pages\/36\/revisions\/452"}],"wp:attachment":[{"href":"https:\/\/lumisetstudio.com\/fr\/wp-json\/wp\/v2\/media?parent=36"}],"curies":[{"name":"wp","href":"https:\/\/api.w.org\/{rel}","templated":true}]}}