{"id":578,"date":"2021-08-12T18:20:37","date_gmt":"2021-08-12T18:20:37","guid":{"rendered":"https:\/\/lumisetstudio.com\/?page_id=578"},"modified":"2021-10-06T01:47:24","modified_gmt":"2021-10-06T01:47:24","slug":"about-us","status":"publish","type":"page","link":"https:\/\/lumisetstudio.com\/fr\/about-us\/","title":{"rendered":"\u00c0 propos"},"content":{"rendered":"<section class=\"wpb-content-wrapper\"><div   class=\"vc_row wpb_row vc_row-fluid vc_custom_1632931426493 full-width-content\">\n\t<div  class=\"vc_span6 vc_hidden-sm vc_hidden-xs wpb_column vc_column_container\"><div class=\"vc_column-inner\">\n\t\t<div class=\"wpb_wrapper\">\n\t\t\t\r\n\t<div  class=\"wpb_single_image wpb_content_element vc_align_center   vc_custom_1632970231505\">\r\n\t\t<div class=\"wpb_wrapper\">\r\n\t\t\t\r\n\t\t\t<div class=\"vc_single_image-wrapper   vc_box_border_grey\"><img loading=\"lazy\" decoding=\"async\" width=\"600\" height=\"363\" src=\"https:\/\/lumisetstudio.com\/wp-content\/uploads\/2021\/09\/wd-1.png\" class=\"vc_single_image-img attachment-full\" alt=\"\" title=\"wd-1\" srcset=\"https:\/\/lumisetstudio.com\/wp-content\/uploads\/2021\/09\/wd-1.png 600w, https:\/\/lumisetstudio.com\/wp-content\/uploads\/2021\/09\/wd-1-300x182.png 300w, https:\/\/lumisetstudio.com\/wp-content\/uploads\/2021\/09\/wd-1-18x12.png 18w\" sizes=\"auto, (max-width: 600px) 100vw, 600px\" \/><\/div>\r\n\t\t<\/div>\r\n\t<\/div>\r\n\n\t\t<\/div> <\/div>\n\t<\/div> \n\t<div  class=\"vc_span6 vc_hidden-sm vc_hidden-xs home-phone-responsive wpb_column vc_column_container\"><div class=\"vc_column-inner vc_custom_1633193899035\">\n\t\t<div class=\"wpb_wrapper\">\n\t\t\t<h2 style=\"font-size: 36px;color: #333333;line-height: 40px;text-align: left;font-family:Open Sans;font-weight:300;font-style:normal\" class=\"vc_custom_heading vc_custom_1628793037538\" >Mieux nous conna\u00eetre<\/h2><style type=\"text\/css\" >#l_wr2fkroux1apcnqefqyh{width:100px;}#l_wr2fkroux1apcnqefqyh.sc_line ,#l_wr2fkroux1apcnqefqyh .sc_line { height:1px; background: #0ff0ff; background: -moz-linear-gradient(90deg, #0ff0ff 0%, #6358a6 100%); background: -webkit-gradient(linear, left top, right bottom, color-stop(0%,#0ff0ff), color-stop(100%,#6358a6)); background: -webkit-linear-gradient(90deg, #0ff0ff 0%,#6358a6 100%); background: -o-linear-gradient(90deg, #0ff0ff 0%,#6358a6 100%); background: -ms-linear-gradient(90deg, #0ff0ff 0%,#6358a6 100%); background: linear-gradient(90deg, #0ff0ff 0%,#6358a6 100%);}#l_wr2fkroux1apcnqefqyh {margin:0px 0 19px 0; padding:0;}<\/style><div class=\"clearfix\"><\/div><div id=\"l_wr2fkroux1apcnqefqyh\"  class=\"sc_line rd_line_normal\" ><\/div>\n\t<div class=\"wpb_text_column wpb_content_element   ct_klbgtkl3zh9b3ztknbnc\" >\n\t\t<div class=\"wpb_wrapper\" >\n\t\t\t<p>Lumiset Studio est une entreprise num\u00e9rique bas\u00e9e \u00e0 Montr\u00e9al, QC, Canada. Nous proposons des solutions professionnelles de d\u00e9veloppement graphique et Web, ainsi que des services professionnels de photographie de produits. Avec nous, vous obtiendrez un site Web qui se d\u00e9marquera dans le monde en ligne moderne.<\/p>\n<p>Votre succ\u00e8s est notre priorit\u00e9 car nous nous engageons \u00e0 cr\u00e9er des sites Web enti\u00e8rement fonctionnels et attrayants qui \u00e9pateront vos clients et les feront revenir vers vous en un rien de temps ! Nous vous aiderons \u00e0 d\u00e9velopper votre entreprise, \u00e0 cr\u00e9er une marque reconnaissable et \u00e0 am\u00e9liorer l'engagement de vos clients.<\/p>\n\n\t\t<\/div> <style type=\"text\/css\" >.ct_klbgtkl3zh9b3ztknbnc ,.ct_klbgtkl3zh9b3ztknbnc p {line-height:30px;}<\/style>\n\t<\/div> \n\t\t<\/div> <\/div>\n\t<\/div> <style type='text\/css' scoped='scoped'>#row_5j37jqika3310ii0b1kz.row_bottom_arrow{background:#ffffff;}<\/style>\n<div class=\"row_bottom_arrow\" id=\"row_5j37jqika3310ii0b1kz\"><\/div><\/div><div   class=\"vc_row wpb_row vc_row-fluid vc_custom_1633193967312 full-width-content\">\n\t<div  class=\"vc_span12 vc_hidden-lg vc_hidden-md wpb_column vc_column_container\"><div class=\"vc_column-inner\">\n\t\t<div class=\"wpb_wrapper\">\n\t\t\t\r\n\t<div  class=\"wpb_single_image wpb_content_element vc_align_center   vc_custom_1633193977280\">\r\n\t\t<div class=\"wpb_wrapper\">\r\n\t\t\t\r\n\t\t\t<div class=\"vc_single_image-wrapper   vc_box_border_grey\"><img loading=\"lazy\" decoding=\"async\" width=\"600\" height=\"363\" src=\"https:\/\/lumisetstudio.com\/wp-content\/uploads\/2021\/09\/wd-1.png\" class=\"vc_single_image-img attachment-full\" alt=\"\" title=\"wd-1\" srcset=\"https:\/\/lumisetstudio.com\/wp-content\/uploads\/2021\/09\/wd-1.png 600w, https:\/\/lumisetstudio.com\/wp-content\/uploads\/2021\/09\/wd-1-300x182.png 300w, https:\/\/lumisetstudio.com\/wp-content\/uploads\/2021\/09\/wd-1-18x12.png 18w\" sizes=\"auto, (max-width: 600px) 100vw, 600px\" \/><\/div>\r\n\t\t<\/div>\r\n\t<\/div>\r\n<h2 style=\"font-size: 36px;color: #333333;line-height: 40px;text-align: left;font-family:Open Sans;font-weight:300;font-style:normal\" class=\"vc_custom_heading vc_custom_1633194305719\" >Mieux nous conna\u00eetre<\/h2><style type=\"text\/css\" >#l_6yorfjnz40r3ze4fanne{width:100px;}#l_6yorfjnz40r3ze4fanne.sc_line ,#l_6yorfjnz40r3ze4fanne .sc_line { height:1px; background: #0ff0ff; background: -moz-linear-gradient(90deg, #0ff0ff 0%, #6358a6 100%); background: -webkit-gradient(linear, left top, right bottom, color-stop(0%,#0ff0ff), color-stop(100%,#6358a6)); background: -webkit-linear-gradient(90deg, #0ff0ff 0%,#6358a6 100%); background: -o-linear-gradient(90deg, #0ff0ff 0%,#6358a6 100%); background: -ms-linear-gradient(90deg, #0ff0ff 0%,#6358a6 100%); background: linear-gradient(90deg, #0ff0ff 0%,#6358a6 100%);}#l_6yorfjnz40r3ze4fanne {margin:0px 0 19px 0; padding:0;}<\/style><div class=\"clearfix\"><\/div><div id=\"l_6yorfjnz40r3ze4fanne\"  class=\"sc_line rd_line_normal\" ><\/div>\n\t<div class=\"wpb_text_column wpb_content_element  vc_custom_1633193933142  ct_ean8xfd0ra5b99gbxxk2\" >\n\t\t<div class=\"wpb_wrapper\" >\n\t\t\t<p>Lumiset Studio est une entreprise num\u00e9rique bas\u00e9e \u00e0 Montr\u00e9al, QC, Canada. Nous proposons des solutions professionnelles de d\u00e9veloppement graphique et Web, ainsi que des services professionnels de photographie de produits. Avec nous, vous obtiendrez un site Web qui se d\u00e9marquera dans le monde en ligne moderne.<\/p>\n<p>Votre succ\u00e8s est notre priorit\u00e9 car nous nous engageons \u00e0 cr\u00e9er des sites Web enti\u00e8rement fonctionnels et attrayants qui \u00e9pateront vos clients et les feront revenir vers vous en un rien de temps ! Nous vous aiderons \u00e0 d\u00e9velopper votre entreprise, \u00e0 cr\u00e9er une marque reconnaissable et \u00e0 am\u00e9liorer l'engagement de vos clients.<\/p>\n\n\t\t<\/div> <style type=\"text\/css\" >.ct_ean8xfd0ra5b99gbxxk2 ,.ct_ean8xfd0ra5b99gbxxk2 p {line-height:30px;}<\/style>\n\t<\/div> \n\t\t<\/div> <\/div>\n\t<\/div> <style type='text\/css' scoped='scoped'>#row_311vxfdzlbijsa2lez2e.row_bottom_arrow{background:#ffffff;}<\/style>\n<div class=\"row_bottom_arrow\" id=\"row_311vxfdzlbijsa2lez2e\"><\/div><\/div><div   class=\"vc_row wpb_row vc_row-fluid home-phone-responsive2 vc_custom_1633194219596 full-width-section\">\n\t<div  class=\"vc_span12 wpb_column vc_column_container rda_fadeInUp\"><div class=\"vc_column-inner vc_custom_1633194225310\">\n\t\t<div class=\"wpb_wrapper\">\n\t\t\t<h2 style=\"font-size: 36px;color: #333333;line-height: 40px;text-align: center;font-family:Open Sans;font-weight:300;font-style:normal\" class=\"vc_custom_heading vc_custom_1633194326558\" >Solutions Web<\/h2><style type=\"text\/css\" >#l_op0l3goaetov203y7nle{width:100px;}#l_op0l3goaetov203y7nle.sc_line ,#l_op0l3goaetov203y7nle .sc_line { height:1px; background: #0ff0ff; background: -moz-linear-gradient(90deg, #0ff0ff 0%, #6358a6 100%); background: -webkit-gradient(linear, left top, right bottom, color-stop(0%,#0ff0ff), color-stop(100%,#6358a6)); background: -webkit-linear-gradient(90deg, #0ff0ff 0%,#6358a6 100%); background: -o-linear-gradient(90deg, #0ff0ff 0%,#6358a6 100%); background: -ms-linear-gradient(90deg, #0ff0ff 0%,#6358a6 100%); background: linear-gradient(90deg, #0ff0ff 0%,#6358a6 100%);}#l_op0l3goaetov203y7nle.sc_line ,#l_op0l3goaetov203y7nle .sc_line{margin-left:auto!important; margin-right:auto!important;}#l_op0l3goaetov203y7nle {margin:0px 0 19px 0; padding:0;}<\/style><div class=\"clearfix\"><\/div><div id=\"l_op0l3goaetov203y7nle\"  class=\"sc_line rd_line_normal\" ><\/div>\n\t<div class=\"wpb_text_column wpb_content_element   ct_teabiat0gjzc9b3pqvvw\" >\n\t\t<div class=\"wpb_wrapper\" >\n\t\t\t<p style=\"text-align: center;\">Nous accordons une grande importance \u00e0 chacun de nos clients et nous vous aiderons toujours patiemment \u00e0 comprendre le processus et \u00e0 vous guider \u00e0 travers chacune de nos \u00e9tapes strat\u00e9giquement planifi\u00e9es vers votre succ\u00e8s\u00a0!<\/p>\n<p style=\"text-align: center;\">Nous \u00e9couterons l'histoire de votre entreprise, votre secteur d'activit\u00e9, votre concurrence et, surtout, vos objectifs. Avec les informations que nous recueillons, nous vous fournirons un design unique et professionnel qui peut rivaliser dans le monde en ligne d'aujourd'hui.<\/p>\n\n\t\t<\/div> <style type=\"text\/css\" >.ct_teabiat0gjzc9b3pqvvw ,.ct_teabiat0gjzc9b3pqvvw p {line-height:30px;}<\/style>\n\t<\/div> \n\t\t\t<!-- START ABout us REVOLUTION SLIDER 6.6.10 --><p class=\"rs-p-wp-fix\"><\/p>\n\t\t\t<rs-module-wrap id=\"rev_slider_5_1_wrapper\" data-source=\"gallery\" style=\"visibility:hidden;background:transparent;padding:0;margin:0px auto;margin-top:0;margin-bottom:0;\">\n\t\t\t\t<rs-module id=\"rev_slider_5_1\" style=\"\" data-version=\"6.6.10\">\n\t\t\t\t\t<rs-slides style=\"overflow: hidden; position: absolute;\">\n\t\t\t\t\t\t<rs-slide style=\"position: absolute;\" data-key=\"rs-5\" data-title=\"Slide\" data-anim=\"adpr:false;\" data-in=\"o:0;\" data-out=\"a:false;\">\n\t\t\t\t\t\t\t<img decoding=\"async\" src=\"\/\/lumisetstudio.com\/wp-content\/plugins\/revslider\/public\/assets\/assets\/dummy.png\" alt=\"Slide\" title=\"Slider_Header1\" width=\"1920\" height=\"935\" class=\"rev-slidebg tp-rs-img rs-lazyload\" data-lazyload=\"\/\/lumisetstudio.com\/wp-content\/plugins\/revslider\/public\/assets\/assets\/transparent.png\" data-parallax=\"off\" data-no-retina>\n<!---->\t\t\t\t\t\t<\/rs-slide>\n\t\t\t\t\t<\/rs-slides>\n\t\t\t\t\t<rs-static-layers><!--\n\n\t\t\t\t\t\t\t--><rs-layer\n\t\t\t\t\t\t\t\tid=\"slider-5-slide-5-layer-0\" \n\t\t\t\t\t\t\t\tclass=\"rs-pxl-8 rs-layer-static\"\n\t\t\t\t\t\t\t\tdata-type=\"image\"\n\t\t\t\t\t\t\t\tdata-rsp_ch=\"on\"\n\t\t\t\t\t\t\t\tdata-xy=\"xo:321px,265px,180px,66px;yo:78px,64px,56px,44px;\"\n\t\t\t\t\t\t\t\tdata-text=\"w:normal;s:20,16,12,7;l:0,20,15,9;\"\n\t\t\t\t\t\t\t\tdata-dim=\"w:250px,206px,207px,165px;h:227px,187px,188px,150px;\"\n\t\t\t\t\t\t\t\tdata-onslides=\"s:1;\"\n\t\t\t\t\t\t\t\tdata-frame_999=\"o:0;st:w;\"\n\t\t\t\t\t\t\t\tstyle=\"z-index:8;\"\n\t\t\t\t\t\t\t><img decoding=\"async\" src=\"\/\/lumisetstudio.com\/wp-content\/plugins\/revslider\/public\/assets\/assets\/dummy.png\" alt=\"\" class=\"tp-rs-img rs-lazyload\" width=\"290\" height=\"263\" data-lazyload=\"\/\/lumisetstudio.com\/wp-content\/uploads\/2021\/09\/Cube-4-1.png\" data-no-retina> \n\t\t\t\t\t\t\t<\/rs-layer><!--\n\n\t\t\t\t\t\t\t--><rs-layer\n\t\t\t\t\t\t\t\tid=\"slider-5-slide-5-layer-1\" \n\t\t\t\t\t\t\t\tclass=\"rs-pxl-3 rs-layer-static\"\n\t\t\t\t\t\t\t\tdata-type=\"image\"\n\t\t\t\t\t\t\t\tdata-rsp_ch=\"on\"\n\t\t\t\t\t\t\t\tdata-xy=\"xo:461px,380px,288px,148px;yo:-12px,-9px,-6px,-8px;\"\n\t\t\t\t\t\t\t\tdata-text=\"w:normal;s:20,16,12,7;l:0,20,15,9;\"\n\t\t\t\t\t\t\t\tdata-dim=\"w:237px,195px,195px,160px;h:215px,177px,177px,145px;\"\n\t\t\t\t\t\t\t\tdata-onslides=\"s:1;\"\n\t\t\t\t\t\t\t\tdata-frame_999=\"o:0;st:w;\"\n\t\t\t\t\t\t\t\tstyle=\"z-index:9;\"\n\t\t\t\t\t\t\t><img decoding=\"async\" src=\"\/\/lumisetstudio.com\/wp-content\/plugins\/revslider\/public\/assets\/assets\/dummy.png\" alt=\"\" class=\"tp-rs-img rs-lazyload\" width=\"290\" height=\"263\" data-lazyload=\"\/\/lumisetstudio.com\/wp-content\/uploads\/2021\/09\/Cube-3-1.png\" data-no-retina> \n\t\t\t\t\t\t\t<\/rs-layer><!--\n\n\t\t\t\t\t\t\t--><rs-layer\n\t\t\t\t\t\t\t\tid=\"slider-5-slide-5-layer-2\" \n\t\t\t\t\t\t\t\tclass=\"rs-pxl-8 rs-layer-static\"\n\t\t\t\t\t\t\t\tdata-type=\"image\"\n\t\t\t\t\t\t\t\tdata-rsp_ch=\"on\"\n\t\t\t\t\t\t\t\tdata-xy=\"xo:665px,549px,417px,257px;yo:13px,10px,7px,4px;\"\n\t\t\t\t\t\t\t\tdata-text=\"w:normal;s:20,16,12,7;l:0,20,15,9;\"\n\t\t\t\t\t\t\t\tdata-dim=\"w:237px,195px,205px,170px;h:215px,177px,186px,154px;\"\n\t\t\t\t\t\t\t\tdata-onslides=\"s:1;\"\n\t\t\t\t\t\t\t\tdata-frame_999=\"o:0;st:w;\"\n\t\t\t\t\t\t\t\tstyle=\"z-index:10;\"\n\t\t\t\t\t\t\t><img decoding=\"async\" src=\"\/\/lumisetstudio.com\/wp-content\/plugins\/revslider\/public\/assets\/assets\/dummy.png\" alt=\"\" class=\"tp-rs-img rs-lazyload\" width=\"290\" height=\"263\" data-lazyload=\"\/\/lumisetstudio.com\/wp-content\/uploads\/2021\/09\/Cube-2-1.png\" data-no-retina> \n\t\t\t\t\t\t\t<\/rs-layer><!--\n\n\t\t\t\t\t\t\t--><rs-layer\n\t\t\t\t\t\t\t\tid=\"slider-5-slide-5-layer-3\" \n\t\t\t\t\t\t\t\tclass=\"rs-pxl-2 rs-layer-static\"\n\t\t\t\t\t\t\t\tdata-type=\"image\"\n\t\t\t\t\t\t\t\tdata-rsp_ch=\"on\"\n\t\t\t\t\t\t\t\tdata-xy=\"xo:498px,411px,295px,152px;yo:29px,23px,28px,42px;\"\n\t\t\t\t\t\t\t\tdata-text=\"w:normal;s:20,16,12,7;l:0,20,15,9;\"\n\t\t\t\t\t\t\t\tdata-dim=\"w:355px,293px,303px,227px;h:322px,265px,275px,206px;\"\n\t\t\t\t\t\t\t\tdata-onslides=\"s:1;\"\n\t\t\t\t\t\t\t\tdata-frame_999=\"o:0;st:w;\"\n\t\t\t\t\t\t\t\tstyle=\"z-index:11;\"\n\t\t\t\t\t\t\t><img decoding=\"async\" src=\"\/\/lumisetstudio.com\/wp-content\/plugins\/revslider\/public\/assets\/assets\/dummy.png\" alt=\"\" class=\"tp-rs-img rs-lazyload\" width=\"427\" height=\"387\" data-lazyload=\"\/\/lumisetstudio.com\/wp-content\/uploads\/2021\/09\/Cube-1-1.png\" data-no-retina> \n\t\t\t\t\t\t\t<\/rs-layer><!--\n\t\t\t\t\t--><\/rs-static-layers>\n\t\t\t\t<\/rs-module>\n\t\t\t\t<script>\n\t\t\t\t\tsetREVStartSize({c: 'rev_slider_5_1',rl:[1240,1024,778,480],el:[900,768,960,720],gw:[1240,1024,778,480],gh:[900,768,960,720],type:'standard',justify:'',layout:'fullwidth',mh:\"0\"});if (window.RS_MODULES!==undefined && window.RS_MODULES.modules!==undefined && window.RS_MODULES.modules[\"revslider51\"]!==undefined) {window.RS_MODULES.modules[\"revslider51\"].once = false;window.revapi5 = undefined;if (window.RS_MODULES.checkMinimal!==undefined) window.RS_MODULES.checkMinimal()}\n\t\t\t\t<\/script>\n\t\t\t<\/rs-module-wrap>\n\t\t\t<!-- END REVOLUTION SLIDER -->\n\n\t\t<\/div> <\/div>\n\t<\/div> <style type='text\/css' scoped='scoped'>#row_bofd0um017firoawl5o9.row_bottom_arrow{background:#ffffff;}<\/style>\n<div class=\"row_bottom_arrow\" id=\"row_bofd0um017firoawl5o9\"><\/div><\/div>\n<\/section>","protected":false},"excerpt":{"rendered":"<p>Get to know us better Lumiset Studio is a Digital Company stationed in Montreal, QC, Canada. We offer professional Graphic and Web Development solutions, as well as professional product photography services. With us, You will get a website that will stand out in the modern online world. Your success is our priority because we are<br \/><a href=\"https:\/\/lumisetstudio.com\/fr\/about-us\/\" class=\"more\">Read more<\/a><\/p>","protected":false},"author":1,"featured_media":0,"parent":0,"menu_order":3,"comment_status":"closed","ping_status":"closed","template":"","meta":{"footnotes":""},"class_list":["post-578","page","type-page","status-publish","hentry"],"yoast_head":"<!-- This site is optimized with the Yoast SEO plugin v25.2 - https:\/\/yoast.com\/wordpress\/plugins\/seo\/ -->\n<title>About Us - lumisetstudio.com | Website &amp; Graphic Solutions<\/title>\n<meta name=\"description\" content=\"Lumiset Studio is a graphic &amp; web design Company that offers the best modern web solutions for your business or personal website.\" \/>\n<meta name=\"robots\" content=\"index, follow, max-snippet:-1, max-image-preview:large, max-video-preview:-1\" \/>\n<link rel=\"canonical\" href=\"https:\/\/lumisetstudio.com\/fr\/about-us\/\" \/>\n<meta property=\"og:locale\" content=\"fr_CA\" \/>\n<meta property=\"og:type\" content=\"article\" \/>\n<meta property=\"og:title\" content=\"About Us - lumisetstudio.com | Website &amp; Graphic Solutions\" \/>\n<meta property=\"og:description\" content=\"Lumiset Studio is a graphic &amp; web design Company that offers the best modern web solutions for your business or personal website.\" \/>\n<meta property=\"og:url\" content=\"https:\/\/lumisetstudio.com\/fr\/about-us\/\" \/>\n<meta property=\"og:site_name\" content=\"lumisetstudio.com\" \/>\n<meta property=\"article:modified_time\" content=\"2021-10-06T01:47:24+00:00\" \/>\n<meta name=\"twitter:card\" content=\"summary_large_image\" \/>\n<meta name=\"twitter:label1\" content=\"Estimation du temps de lecture\" \/>\n\t<meta name=\"twitter:data1\" content=\"3 minutes\" \/>\n<script type=\"application\/ld+json\" class=\"yoast-schema-graph\">{\"@context\":\"https:\/\/schema.org\",\"@graph\":[{\"@type\":\"WebPage\",\"@id\":\"https:\/\/lumisetstudio.com\/about-us\/\",\"url\":\"https:\/\/lumisetstudio.com\/about-us\/\",\"name\":\"About Us - lumisetstudio.com | Website & Graphic Solutions\",\"isPartOf\":{\"@id\":\"https:\/\/lumisetstudio.com\/#website\"},\"datePublished\":\"2021-08-12T18:20:37+00:00\",\"dateModified\":\"2021-10-06T01:47:24+00:00\",\"description\":\"Lumiset Studio is a graphic & web design Company that offers the best modern web solutions for your business or personal website.\",\"breadcrumb\":{\"@id\":\"https:\/\/lumisetstudio.com\/about-us\/#breadcrumb\"},\"inLanguage\":\"fr-CA\",\"potentialAction\":[{\"@type\":\"ReadAction\",\"target\":[\"https:\/\/lumisetstudio.com\/about-us\/\"]}]},{\"@type\":\"BreadcrumbList\",\"@id\":\"https:\/\/lumisetstudio.com\/about-us\/#breadcrumb\",\"itemListElement\":[{\"@type\":\"ListItem\",\"position\":1,\"name\":\"Home\",\"item\":\"https:\/\/lumisetstudio.com\/\"},{\"@type\":\"ListItem\",\"position\":2,\"name\":\"About Us\"}]},{\"@type\":\"WebSite\",\"@id\":\"https:\/\/lumisetstudio.com\/#website\",\"url\":\"https:\/\/lumisetstudio.com\/\",\"name\":\"lumisetstudio.com\",\"description\":\"Web Design &amp; Graphic Solutions\",\"potentialAction\":[{\"@type\":\"SearchAction\",\"target\":{\"@type\":\"EntryPoint\",\"urlTemplate\":\"https:\/\/lumisetstudio.com\/?s={search_term_string}\"},\"query-input\":{\"@type\":\"PropertyValueSpecification\",\"valueRequired\":true,\"valueName\":\"search_term_string\"}}],\"inLanguage\":\"fr-CA\"}]}<\/script>\n<!-- \/ Yoast SEO plugin. -->","yoast_head_json":{"title":"About Us - lumisetstudio.com | Website & Graphic Solutions","description":"Lumiset Studio is a graphic & web design Company that offers the best modern web solutions for your business or personal website.","robots":{"index":"index","follow":"follow","max-snippet":"max-snippet:-1","max-image-preview":"max-image-preview:large","max-video-preview":"max-video-preview:-1"},"canonical":"https:\/\/lumisetstudio.com\/fr\/about-us\/","og_locale":"fr_CA","og_type":"article","og_title":"About Us - lumisetstudio.com | Website & Graphic Solutions","og_description":"Lumiset Studio is a graphic & web design Company that offers the best modern web solutions for your business or personal website.","og_url":"https:\/\/lumisetstudio.com\/fr\/about-us\/","og_site_name":"lumisetstudio.com","article_modified_time":"2021-10-06T01:47:24+00:00","twitter_card":"summary_large_image","twitter_misc":{"Estimation du temps de lecture":"3 minutes"},"schema":{"@context":"https:\/\/schema.org","@graph":[{"@type":"WebPage","@id":"https:\/\/lumisetstudio.com\/about-us\/","url":"https:\/\/lumisetstudio.com\/about-us\/","name":"About Us - lumisetstudio.com | Website & Graphic Solutions","isPartOf":{"@id":"https:\/\/lumisetstudio.com\/#website"},"datePublished":"2021-08-12T18:20:37+00:00","dateModified":"2021-10-06T01:47:24+00:00","description":"Lumiset Studio is a graphic & web design Company that offers the best modern web solutions for your business or personal website.","breadcrumb":{"@id":"https:\/\/lumisetstudio.com\/about-us\/#breadcrumb"},"inLanguage":"fr-CA","potentialAction":[{"@type":"ReadAction","target":["https:\/\/lumisetstudio.com\/about-us\/"]}]},{"@type":"BreadcrumbList","@id":"https:\/\/lumisetstudio.com\/about-us\/#breadcrumb","itemListElement":[{"@type":"ListItem","position":1,"name":"Home","item":"https:\/\/lumisetstudio.com\/"},{"@type":"ListItem","position":2,"name":"About Us"}]},{"@type":"WebSite","@id":"https:\/\/lumisetstudio.com\/#website","url":"https:\/\/lumisetstudio.com\/","name":"lumisetstudio.com","description":"Web Design &amp; Graphic Solutions","potentialAction":[{"@type":"SearchAction","target":{"@type":"EntryPoint","urlTemplate":"https:\/\/lumisetstudio.com\/?s={search_term_string}"},"query-input":{"@type":"PropertyValueSpecification","valueRequired":true,"valueName":"search_term_string"}}],"inLanguage":"fr-CA"}]}},"_links":{"self":[{"href":"https:\/\/lumisetstudio.com\/fr\/wp-json\/wp\/v2\/pages\/578","targetHints":{"allow":["GET"]}}],"collection":[{"href":"https:\/\/lumisetstudio.com\/fr\/wp-json\/wp\/v2\/pages"}],"about":[{"href":"https:\/\/lumisetstudio.com\/fr\/wp-json\/wp\/v2\/types\/page"}],"author":[{"embeddable":true,"href":"https:\/\/lumisetstudio.com\/fr\/wp-json\/wp\/v2\/users\/1"}],"replies":[{"embeddable":true,"href":"https:\/\/lumisetstudio.com\/fr\/wp-json\/wp\/v2\/comments?post=578"}],"version-history":[{"count":38,"href":"https:\/\/lumisetstudio.com\/fr\/wp-json\/wp\/v2\/pages\/578\/revisions"}],"predecessor-version":[{"id":986,"href":"https:\/\/lumisetstudio.com\/fr\/wp-json\/wp\/v2\/pages\/578\/revisions\/986"}],"wp:attachment":[{"href":"https:\/\/lumisetstudio.com\/fr\/wp-json\/wp\/v2\/media?parent=578"}],"curies":[{"name":"wp","href":"https:\/\/api.w.org\/{rel}","templated":true}]}}